{"id":13,"date":"2024-11-26T13:21:47","date_gmt":"2024-11-26T13:21:47","guid":{"rendered":"https:\/\/jc2m.es\/?page_id=13"},"modified":"2026-01-30T19:18:13","modified_gmt":"2026-01-30T19:18:13","slug":"contacto","status":"publish","type":"page","link":"https:\/\/jc2m.es\/","title":{"rendered":""},"content":{"rendered":"\n<p><\/p>\n\n\n    <div class=\"wp-block-bplugins-custom-html\" id='bPluginsCustomHtml-1'>\r\n    <!DOCTYPE html>\n<html lang=\"es\">\n<head>\n    <meta charset=\"UTF-8\">\n    <meta name=\"viewport\" content=\"width=device-width, initial-scale=1.0\">\n    <title>VCard &#8211; Juan Carlos Martinez<\/title>\n    <style>\n        body {\n            font-family: Arial, sans-serif;\n            text-align: center;\n            background-color: #f4f4f4;\n            color: #333;\n            margin: 0;\n            padding: 0;\n        }\n\n        header {\n            background-color: #2F3D3A;\n            color: white;\n            padding: 20px 0;\n        }\n\n        header img {\n            border-radius: 50%;\n            width: 150px;\n            height: 150px;\n            object-fit: cover;\n            border: 3px solid white;\n        }\n\n        header h1 {\n            font-size: 2.5em;\n            margin: 10px 0;\n        }\n\n        header p {\n            font-size: 1.2em;\n            margin: 5px 0 15px;\n        }\n\n        ul {\n            list-style: none;\n            padding: 0;\n            margin: 20px 0;\n        }\n\n        ul li {\n            margin: 10px 0;\n            font-size: 1.1em;\n        }\n\n        a {\n            text-decoration: none;\n            color: #2F3D3A;\n        }\n\n        a.btn {\n            display: inline-block;\n            padding: 10px 20px;\n            background: #2F3D3A;\n            color: white;\n            border-radius: 5px;\n            text-decoration: none;\n            font-size: 1.1em;\n            margin-top: 20px;\n        }\n\n        a.btn:hover {\n            background: #1e2826;\n        }\n\n        img {\n            margin-top: 20px;\n            max-width: 200px;\n            height: auto;\n        }\n\n        section {\n            margin: 20px 0;\n        }\n    <\/style>\n<\/head>\n<body>\n    <!-- Encabezado con foto y datos -->\n    <header>\n        <img decoding=\"async\" src=\"http:\/\/jc2m.es\/wp-content\/uploads\/2024\/11\/zoom-1.png\" alt=\"Foto de Juan Carlos Martinez\">\n        <h1>Juan Carlos Martinez<\/h1>\n        <p>Project Manager | Construcci\u00f3n<\/p>\n    <\/header>\n\n    <!-- Informaci\u00f3n de contacto -->\n    <section>\n        <h2>Informaci\u00f3n de Contacto<\/h2>\n        <ul>\n            <li><strong>Tel\u00e9fono:<\/strong> <a href=\"tel:+34 657365252\">+34 657 36 52 52<\/a><\/li>\n            <li><strong>Email:<\/strong> <a href=\"mailto:jmartinezm@jc2m.es\">jmartinezm@jc2m.es<\/a><\/li>\n            <li><strong>LinkedIn:<\/strong> <a href=\"https:\/\/www.linkedin.com\/in\/juancarlos2m\" target=\"_blank\">https:\/\/www.linkedin.com\/in\/juancarlos2m<\/a><\/li>\n        <\/ul>\n    <\/section>\n\n    <!-- Descargar CV -->\n    <section>\n        <h2>Descarga mi CV<\/h2>\n        <p>Descarga mi curr\u00edculum para m\u00e1s informaci\u00f3n sobre mi experiencia y proyectos.<\/p>\n        <a href=\"http:\/\/jc2m.es\/wp-content\/uploads\/2026\/01\/Martinez-Munoz-Juan-Carlos-Curriculum.pdf\" download=\"http:\/\/jc2m.es\/wp-content\/uploads\/2026\/01\/Martinez-Munoz-Juan-Carlos-Curriculum.pdf\" class=\"btn\">Descargar CV<\/a>\n    <\/section>\n\n    <!-- Descargar Carta de Presentaci\u00f3n -->\n    <section>\n        <h2>Descarga mi Carta de Presentaci\u00f3n<\/h2>\n        <p>Descarga mi Carta de Presentaci\u00f3n para conocerme un poco m\u00e1s.<\/p>\n        <a href=\"http:\/\/jc2m.es\/wp-content\/uploads\/2026\/01\/Martinez-Munoz-Juan-Carlos-Carta-de-presentacion-es.pdf\" download=\"http:\/\/jc2m.es\/wp-content\/uploads\/2026\/01\/Martinez-Munoz-Juan-Carlos-Carta-de-presentacion-es.pdf\" class=\"btn\">Descargar Carta<\/a>\n    <\/section>\n\n    \n    <!-- Descargar Porfolio -->\n    <section>\n        <h2>Descarga mi Portfolio<\/h2>\n        <p>Descarga mi Portfolio para ver algunos de los proyectos que he realizado.<\/p>\n        <a href=\"http:\/\/jc2m.es\/wp-content\/uploads\/2024\/11\/Portfolio-JCMM.pdf\" download=\"http:\/\/jc2m.es\/wp-content\/uploads\/2024\/11\/Portfolio-JCMM.pdf\" class=\"btn\">Descargar Portfolio<\/a>\n    <\/section>\n  \n<\/body>\n<\/html>    <\/div>\r\n    \n\n\n<ul class=\"wp-block-social-links is-layout-flex wp-block-social-links-is-layout-flex\"><li class=\"wp-social-link wp-social-link-linkedin  wp-block-social-link\"><a href=\"https:\/\/www.linkedin.com\/in\/juancarlos2m\" class=\"wp-block-social-link-anchor\"><svg width=\"24\" height=\"24\" viewBox=\"0 0 24 24\" version=\"1.1\" xmlns=\"http:\/\/www.w3.org\/2000\/svg\" aria-hidden=\"true\" focusable=\"false\"><path d=\"M19.7,3H4.3C3.582,3,3,3.582,3,4.3v15.4C3,20.418,3.582,21,4.3,21h15.4c0.718,0,1.3-0.582,1.3-1.3V4.3 C21,3.582,20.418,3,19.7,3z M8.339,18.338H5.667v-8.59h2.672V18.338z M7.004,8.574c-0.857,0-1.549-0.694-1.549-1.548 c0-0.855,0.691-1.548,1.549-1.548c0.854,0,1.547,0.694,1.547,1.548C8.551,7.881,7.858,8.574,7.004,8.574z M18.339,18.338h-2.669 v-4.177c0-0.996-0.017-2.278-1.387-2.278c-1.389,0-1.601,1.086-1.601,2.206v4.249h-2.667v-8.59h2.559v1.174h0.037 c0.356-0.675,1.227-1.387,2.526-1.387c2.703,0,3.203,1.779,3.203,4.092V18.338z\"><\/path><\/svg><span class=\"wp-block-social-link-label screen-reader-text\">LinkedIn<\/span><\/a><\/li>\n\n<li class=\"wp-social-link wp-social-link-chain  wp-block-social-link\"><a href=\"mailto:j&#109;&#097;&#114;tin&#101;&#122;m&#064;j&#099;&#050;m.&#101;&#115;\" class=\"wp-block-social-link-anchor\"><svg width=\"24\" height=\"24\" viewBox=\"0 0 24 24\" version=\"1.1\" xmlns=\"http:\/\/www.w3.org\/2000\/svg\" aria-hidden=\"true\" focusable=\"false\"><path d=\"M15.6,7.2H14v1.5h1.6c2,0,3.7,1.7,3.7,3.7s-1.7,3.7-3.7,3.7H14v1.5h1.6c2.8,0,5.2-2.3,5.2-5.2,0-2.9-2.3-5.2-5.2-5.2zM4.7,12.4c0-2,1.7-3.7,3.7-3.7H10V7.2H8.4c-2.9,0-5.2,2.3-5.2,5.2,0,2.9,2.3,5.2,5.2,5.2H10v-1.5H8.4c-2,0-3.7-1.7-3.7-3.7zm4.6.9h5.3v-1.5H9.3v1.5z\"><\/path><\/svg><span class=\"wp-block-social-link-label screen-reader-text\">Correo<\/span><\/a><\/li><\/ul>\n\n\n\n<p><\/p>\n","protected":false},"excerpt":{"rendered":"","protected":false},"author":1,"featured_media":0,"parent":0,"menu_order":0,"comment_status":"closed","ping_status":"closed","template":"","meta":{"footnotes":""},"class_list":["post-13","page","type-page","status-publish","hentry"],"_links":{"self":[{"href":"https:\/\/jc2m.es\/index.php?rest_route=\/wp\/v2\/pages\/13","targetHints":{"allow":["GET"]}}],"collection":[{"href":"https:\/\/jc2m.es\/index.php?rest_route=\/wp\/v2\/pages"}],"about":[{"href":"https:\/\/jc2m.es\/index.php?rest_route=\/wp\/v2\/types\/page"}],"author":[{"embeddable":true,"href":"https:\/\/jc2m.es\/index.php?rest_route=\/wp\/v2\/users\/1"}],"replies":[{"embeddable":true,"href":"https:\/\/jc2m.es\/index.php?rest_route=%2Fwp%2Fv2%2Fcomments&post=13"}],"version-history":[{"count":11,"href":"https:\/\/jc2m.es\/index.php?rest_route=\/wp\/v2\/pages\/13\/revisions"}],"predecessor-version":[{"id":48,"href":"https:\/\/jc2m.es\/index.php?rest_route=\/wp\/v2\/pages\/13\/revisions\/48"}],"wp:attachment":[{"href":"https:\/\/jc2m.es\/index.php?rest_route=%2Fwp%2Fv2%2Fmedia&parent=13"}],"curies":[{"name":"wp","href":"https:\/\/api.w.org\/{rel}","templated":true}]}}